{"id":22,"date":"2023-08-29T12:27:27","date_gmt":"2023-08-29T11:27:27","guid":{"rendered":"https:\/\/creatorlovers.com\/blog\/?page_id=22"},"modified":"2023-08-31T10:31:10","modified_gmt":"2023-08-31T09:31:10","slug":"about-us","status":"publish","type":"page","link":"https:\/\/creatorlovers.com\/blog\/es\/root\/about-us\/","title":{"rendered":"Sobre nosotros"},"content":{"rendered":"<p>Si amas \ud83c\udf36\ufe0f \ud83d\udd1e a los creadores de contenido, \u00a1tengo buenas noticias para ti!<\/p>\n\n\n\n<p>Creator Lovers convertir\u00e1 el tiempo que pases en OnlyFans en una experiencia adictiva alucinante \ud83e\udd2f<\/p>\n\n\n\n<figure class=\"wp-block-image size-large\"><img decoding=\"async\" width=\"1024\" height=\"576\" src=\"https:\/\/creatorlovers.com\/blog\/wp-content\/uploads\/2023\/08\/Orange-Modern-Minimal-Blog-Writing-YouTube-Thumbnail-1024x576.jpg\" alt=\"creatorlovers.com (about us page)\" class=\"wp-image-37\" srcset=\"https:\/\/creatorlovers.com\/blog\/wp-content\/uploads\/2023\/08\/Orange-Modern-Minimal-Blog-Writing-YouTube-Thumbnail-1024x576.jpg 1024w, https:\/\/creatorlovers.com\/blog\/wp-content\/uploads\/2023\/08\/Orange-Modern-Minimal-Blog-Writing-YouTube-Thumbnail-300x169.jpg 300w, https:\/\/creatorlovers.com\/blog\/wp-content\/uploads\/2023\/08\/Orange-Modern-Minimal-Blog-Writing-YouTube-Thumbnail-768x432.jpg 768w, https:\/\/creatorlovers.com\/blog\/wp-content\/uploads\/2023\/08\/Orange-Modern-Minimal-Blog-Writing-YouTube-Thumbnail.jpg 1280w\" sizes=\"(max-width: 1024px) 100vw, 1024px\" \/><\/figure>\n\n\n\n<h2 class=\"wp-block-heading has-x-large-font-size\">\u00bfQu\u00e9 es Creator Lovers?<\/h2>\n\n\n\n<p>CreatorLovers.com es el motor de b\u00fasqueda OnlyFans definitivo para descubrir creadores de contenido a los que te volver\u00e1s absolutamente adicto.<\/p>\n\n\n\n<p>Hay +2 millones de cuentas OnlyFans. Encontrar tu <em>modelo perfecto<\/em> Encontrar online que coincida con tus gustos puede ser dif\u00edcil. \u00a1Hay tanto para elegir!<br><br>Para eso est\u00e1 Creator Lovers. <\/p>\n\n\n\n<p>Con +400 filtros personalizados, este motor de b\u00fasqueda te ayudar\u00e1 a encontrar <em>la crema de la crema<\/em>mi en OnlyFans.<\/p>\n\n\n\n<p>Esta herramienta har\u00e1 que tu experiencia en OnlyFans sea 100 veces m\u00e1s emocionante y estimulante.<\/p>\n\n\n\n<p>\u00bfQue estas esperando?<\/p>\n\n\n\n<p>Encontrar <a href=\"https:\/\/creatorlovers.com\/onlyfans\/\" data-type=\"link\" data-id=\"https:\/\/creatorlovers.com\/onlyfans\/\"><strong>su<\/strong><\/a> aqu\u00ed.<\/p>","protected":false},"excerpt":{"rendered":"<p>Si amas \ud83c\udf36\ufe0f \ud83d\udd1e a los creadores de contenido, \u00a1tengo buenas noticias para ti! Creator Lovers convertir\u00e1 el tiempo que pases en OnlyFans en una experiencia adictiva alucinante \ud83e\udd2f \u00bfQu\u00e9 es Creator Lovers? CreatorLovers.com es el motor de b\u00fasqueda OnlyFans definitivo para descubrir creadores de contenido a los que te volver\u00e1s absolutamente adicto. Hay +2 millones de cuentas OnlyFans. Encontrar tu\u2026<\/p>\n<p class=\"read-more\"> <a class=\"\" href=\"https:\/\/creatorlovers.com\/blog\/es\/root\/about-us\/\"> <span class=\"screen-reader-text\">Sobre nosotros<\/span> Leer m\u00e1s \u00bb<\/a><\/p>","protected":false},"author":1,"featured_media":0,"parent":24,"menu_order":0,"comment_status":"closed","ping_status":"closed","template":"","meta":{"site-sidebar-layout":"default","site-content-layout":"","ast-site-content-layout":"","site-content-style":"default","site-sidebar-style":"default","ast-global-header-display":"","ast-banner-title-visibility":"","ast-main-header-display":"","ast-hfb-above-header-display":"","ast-hfb-below-header-display":"","ast-hfb-mobile-header-display":"","site-post-title":"","ast-breadcrumbs-content":"","ast-featured-img":"","footer-sml-layout":"","theme-transparent-header-meta":"","adv-header-id-meta":"","stick-header-meta":"","header-above-stick-meta":"","header-main-stick-meta":"","header-below-stick-meta":"","astra-migrate-meta-layouts":"","ast-page-background-enabled":"default","ast-page-background-meta":{"desktop":{"background-color":"var(--ast-global-color-4)","background-image":"","background-repeat":"repeat","background-position":"center center","background-size":"auto","background-attachment":"scroll","background-type":"","background-media":"","overlay-type":"","overlay-color":"","overlay-gradient":""},"tablet":{"background-color":"","background-image":"","background-repeat":"repeat","background-position":"center center","background-size":"auto","background-attachment":"scroll","background-type":"","background-media":"","overlay-type":"","overlay-color":"","overlay-gradient":""},"mobile":{"background-color":"","background-image":"","background-repeat":"repeat","background-position":"center center","background-size":"auto","background-attachment":"scroll","background-type":"","background-media":"","overlay-type":"","overlay-color":"","overlay-gradient":""}},"ast-content-background-meta":{"desktop":{"background-color":"var(--ast-global-color-5)","background-image":"","background-repeat":"repeat","background-position":"center center","background-size":"auto","background-attachment":"scroll","background-type":"","background-media":"","overlay-type":"","overlay-color":"","overlay-gradient":""},"tablet":{"background-color":"var(--ast-global-color-5)","background-image":"","background-repeat":"repeat","background-position":"center center","background-size":"auto","background-attachment":"scroll","background-type":"","background-media":"","overlay-type":"","overlay-color":"","overlay-gradient":""},"mobile":{"background-color":"var(--ast-global-color-5)","background-image":"","background-repeat":"repeat","background-position":"center center","background-size":"auto","background-attachment":"scroll","background-type":"","background-media":"","overlay-type":"","overlay-color":"","overlay-gradient":""}},"footnotes":""},"class_list":["post-22","page","type-page","status-publish","hentry"],"_links":{"self":[{"href":"https:\/\/creatorlovers.com\/blog\/es\/wp-json\/wp\/v2\/pages\/22","targetHints":{"allow":["GET"]}}],"collection":[{"href":"https:\/\/creatorlovers.com\/blog\/es\/wp-json\/wp\/v2\/pages"}],"about":[{"href":"https:\/\/creatorlovers.com\/blog\/es\/wp-json\/wp\/v2\/types\/page"}],"author":[{"embeddable":true,"href":"https:\/\/creatorlovers.com\/blog\/es\/wp-json\/wp\/v2\/users\/1"}],"replies":[{"embeddable":true,"href":"https:\/\/creatorlovers.com\/blog\/es\/wp-json\/wp\/v2\/comments?post=22"}],"version-history":[{"count":0,"href":"https:\/\/creatorlovers.com\/blog\/es\/wp-json\/wp\/v2\/pages\/22\/revisions"}],"up":[{"embeddable":true,"href":"https:\/\/creatorlovers.com\/blog\/es\/wp-json\/wp\/v2\/pages\/24"}],"wp:attachment":[{"href":"https:\/\/creatorlovers.com\/blog\/es\/wp-json\/wp\/v2\/media?parent=22"}],"curies":[{"name":"wp","href":"https:\/\/api.w.org\/{rel}","templated":true}]}}