{"id":41,"date":"2023-08-31T00:06:40","date_gmt":"2023-08-30T23:06:40","guid":{"rendered":"https:\/\/creatorlovers.com\/blog\/?page_id=41"},"modified":"2024-03-13T11:22:29","modified_gmt":"2024-03-13T11:22:29","slug":"takedown","status":"publish","type":"page","link":"https:\/\/creatorlovers.com\/blog\/es\/root\/takedown\/","title":{"rendered":"Aviso de DMCA y pol\u00edtica y procedimientos de eliminaci\u00f3n"},"content":{"rendered":"<p><strong>Eliminaci\u00f3n de contenido y DMCA<\/strong><\/p>\n\n\n\n<p>En CreatorLovers.com, nuestra prioridad es crear un espacio respetuoso y compatible con todos los creadores de contenido. Respetar las regulaciones de derechos de autor es crucial y seguimos la Ley de Derechos de Autor del Milenio Digital (DMCA) para abordar casos de uso no autorizado de material protegido por derechos de autor.<\/p>\n\n\n\n<p><strong>Nuestro enfoque ante la eliminaci\u00f3n de la DMCA<\/strong><\/p>\n\n\n\n<p>Mostramos im\u00e1genes y texto disponibles p\u00fablicamente desde su cuenta OnlyFans. No alojamos contenido filtrado o ilegal. Al aparecer en CreatorLovers, usted promociona su cuenta OnlyFans a una audiencia m\u00e1s amplia y obtiene fan\u00e1ticos y suscriptores gratuitos para su cuenta OnlyFans. Esto ofrece una oportunidad fant\u00e1stica para mejorar su presencia y alcance dentro de la comunidad.<\/p>\n\n\n\n<p><strong>Proceso de cumplimiento de la DMCA<\/strong><\/p>\n\n\n\n<p>Para solicitar la eliminaci\u00f3n de contenido seg\u00fan inquietudes de la DMCA, comun\u00edquese con nosotros en <a href=\"mailto:dmca-takedown@creatorlovers.com\">dmca-takedown@creatorlovers.com<\/a>. Provee la siguiente informacion:<\/p>\n\n\n\n<ol class=\"wp-block-list\">\n<li>Descripci\u00f3n detallada del trabajo protegido por derechos de autor que cree que se ha infringido.<\/li>\n\n\n\n<li>Ubicaci\u00f3n o enlace espec\u00edfico en nuestra plataforma donde se ha producido la supuesta infracci\u00f3n.<\/li>\n\n\n\n<li>Confirmaci\u00f3n de su propiedad o la autorizaci\u00f3n para actuar en nombre del titular de los derechos de autor.<\/li>\n\n\n\n<li>Una afirmaci\u00f3n de que la informaci\u00f3n proporcionada es veraz y exacta.<\/li>\n<\/ol>\n\n\n\n<p>Revisamos de inmediato los avisos de eliminaci\u00f3n v\u00e1lidos de la DMCA y tomamos las medidas necesarias, como la eliminaci\u00f3n de contenido o la restricci\u00f3n de acceso, seg\u00fan corresponda.<\/p>\n\n\n\n<p>Su cooperaci\u00f3n garantiza que nuestra plataforma siga siendo respetuosa y compatible con todos los usuarios. Agradecemos su comprensi\u00f3n y colaboraci\u00f3n.<\/p>\n\n\n\n<p>Atentamente, <br><em>Amantes del creador<\/em>.com<\/p>","protected":false},"excerpt":{"rendered":"<p>Content Removal and DMCA At CreatorLovers.com, our priority is to create a respectful and compliant space for all content creators. Upholding copyright regulations is crucial, and we follow the Digital Millennium Copyright Act (DMCA) to address instances of unauthorized copyrighted material usage. Our Approach to DMCA Takedown We display publicly available images and text from &hellip;<\/p>\n<p class=\"read-more\"> <a class=\"\" href=\"https:\/\/creatorlovers.com\/blog\/es\/root\/takedown\/\"> <span class=\"screen-reader-text\">Aviso de DMCA y pol\u00edtica y procedimientos de eliminaci\u00f3n<\/span> Leer m\u00e1s \u00bb<\/a><\/p>","protected":false},"author":1,"featured_media":0,"parent":24,"menu_order":0,"comment_status":"closed","ping_status":"closed","template":"","meta":{"site-sidebar-layout":"default","site-content-layout":"","ast-site-content-layout":"","site-content-style":"default","site-sidebar-style":"default","ast-global-header-display":"","ast-banner-title-visibility":"","ast-main-header-display":"","ast-hfb-above-header-display":"","ast-hfb-below-header-display":"","ast-hfb-mobile-header-display":"","site-post-title":"","ast-breadcrumbs-content":"","ast-featured-img":"","footer-sml-layout":"","theme-transparent-header-meta":"","adv-header-id-meta":"","stick-header-meta":"","header-above-stick-meta":"","header-main-stick-meta":"","header-below-stick-meta":"","astra-migrate-meta-layouts":"","ast-page-background-enabled":"default","ast-page-background-meta":{"desktop":{"background-color":"var(--ast-global-color-4)","background-image":"","background-repeat":"repeat","background-position":"center center","background-size":"auto","background-attachment":"scroll","background-type":"","background-media":"","overlay-type":"","overlay-color":"","overlay-gradient":""},"tablet":{"background-color":"","background-image":"","background-repeat":"repeat","background-position":"center center","background-size":"auto","background-attachment":"scroll","background-type":"","background-media":"","overlay-type":"","overlay-color":"","overlay-gradient":""},"mobile":{"background-color":"","background-image":"","background-repeat":"repeat","background-position":"center center","background-size":"auto","background-attachment":"scroll","background-type":"","background-media":"","overlay-type":"","overlay-color":"","overlay-gradient":""}},"ast-content-background-meta":{"desktop":{"background-color":"var(--ast-global-color-5)","background-image":"","background-repeat":"repeat","background-position":"center center","background-size":"auto","background-attachment":"scroll","background-type":"","background-media":"","overlay-type":"","overlay-color":"","overlay-gradient":""},"tablet":{"background-color":"var(--ast-global-color-5)","background-image":"","background-repeat":"repeat","background-position":"center center","background-size":"auto","background-attachment":"scroll","background-type":"","background-media":"","overlay-type":"","overlay-color":"","overlay-gradient":""},"mobile":{"background-color":"var(--ast-global-color-5)","background-image":"","background-repeat":"repeat","background-position":"center center","background-size":"auto","background-attachment":"scroll","background-type":"","background-media":"","overlay-type":"","overlay-color":"","overlay-gradient":""}},"footnotes":""},"class_list":["post-41","page","type-page","status-publish","hentry"],"_links":{"self":[{"href":"https:\/\/creatorlovers.com\/blog\/es\/wp-json\/wp\/v2\/pages\/41","targetHints":{"allow":["GET"]}}],"collection":[{"href":"https:\/\/creatorlovers.com\/blog\/es\/wp-json\/wp\/v2\/pages"}],"about":[{"href":"https:\/\/creatorlovers.com\/blog\/es\/wp-json\/wp\/v2\/types\/page"}],"author":[{"embeddable":true,"href":"https:\/\/creatorlovers.com\/blog\/es\/wp-json\/wp\/v2\/users\/1"}],"replies":[{"embeddable":true,"href":"https:\/\/creatorlovers.com\/blog\/es\/wp-json\/wp\/v2\/comments?post=41"}],"version-history":[{"count":3,"href":"https:\/\/creatorlovers.com\/blog\/es\/wp-json\/wp\/v2\/pages\/41\/revisions"}],"predecessor-version":[{"id":20066,"href":"https:\/\/creatorlovers.com\/blog\/es\/wp-json\/wp\/v2\/pages\/41\/revisions\/20066"}],"up":[{"embeddable":true,"href":"https:\/\/creatorlovers.com\/blog\/es\/wp-json\/wp\/v2\/pages\/24"}],"wp:attachment":[{"href":"https:\/\/creatorlovers.com\/blog\/es\/wp-json\/wp\/v2\/media?parent=41"}],"curies":[{"name":"wp","href":"https:\/\/api.w.org\/{rel}","templated":true}]}}