{"id":46,"date":"2023-08-31T05:18:12","date_gmt":"2023-08-31T04:18:12","guid":{"rendered":"https:\/\/creatorlovers.com\/blog\/?page_id=46"},"modified":"2023-09-15T09:50:06","modified_gmt":"2023-09-15T08:50:06","slug":"onlyfans-promotion","status":"publish","type":"page","link":"https:\/\/creatorlovers.com\/blog\/es\/onlyfans-promotion\/","title":{"rendered":"Promoci\u00f3n OnlyFans"},"content":{"rendered":"<p>Si est\u00e1s interesado en conseguir <strong>Promoci\u00f3n OnlyFans<\/strong>, Contactanos en <strong>amantes de los creadores<\/strong>@protonmail.com<br><br>Puedes ser promocionado en:<br>- Nuestro <a href=\"http:\/\/creatorlovers.com\">Buscador OnlyFans<\/a><br>- Nuestro <a href=\"http:\/\/creatorlovers.com\/blog\" data-type=\"link\" data-id=\"creatorlovers.com\/blog\">Blog de rese\u00f1as de OnlyFans<\/a><\/p>","protected":false},"excerpt":{"rendered":"<p>If you are interested in getting OnlyFans promotion, contact us at creatorlovers@protonmail.com You can be promoted in:&#8211; Our OnlyFans Finder&#8211; Our OnlyFans Reviews Blog<\/p>","protected":false},"author":1,"featured_media":1430,"parent":0,"menu_order":0,"comment_status":"closed","ping_status":"closed","template":"","meta":{"site-sidebar-layout":"default","site-content-layout":"","ast-site-content-layout":"","site-content-style":"default","site-sidebar-style":"default","ast-global-header-display":"","ast-banner-title-visibility":"","ast-main-header-display":"","ast-hfb-above-header-display":"","ast-hfb-below-header-display":"","ast-hfb-mobile-header-display":"","site-post-title":"","ast-breadcrumbs-content":"","ast-featured-img":"","footer-sml-layout":"","theme-transparent-header-meta":"","adv-header-id-meta":"","stick-header-meta":"","header-above-stick-meta":"","header-main-stick-meta":"","header-below-stick-meta":"","astra-migrate-meta-layouts":"","ast-page-background-enabled":"default","ast-page-background-meta":{"desktop":{"background-color":"var(--ast-global-color-4)","background-image":"","background-repeat":"repeat","background-position":"center center","background-size":"auto","background-attachment":"scroll","background-type":"","background-media":"","overlay-type":"","overlay-color":"","overlay-gradient":""},"tablet":{"background-color":"","background-image":"","background-repeat":"repeat","background-position":"center center","background-size":"auto","background-attachment":"scroll","background-type":"","background-media":"","overlay-type":"","overlay-color":"","overlay-gradient":""},"mobile":{"background-color":"","background-image":"","background-repeat":"repeat","background-position":"center center","background-size":"auto","background-attachment":"scroll","background-type":"","background-media":"","overlay-type":"","overlay-color":"","overlay-gradient":""}},"ast-content-background-meta":{"desktop":{"background-color":"var(--ast-global-color-5)","background-image":"","background-repeat":"repeat","background-position":"center center","background-size":"auto","background-attachment":"scroll","background-type":"","background-media":"","overlay-type":"","overlay-color":"","overlay-gradient":""},"tablet":{"background-color":"var(--ast-global-color-5)","background-image":"","background-repeat":"repeat","background-position":"center center","background-size":"auto","background-attachment":"scroll","background-type":"","background-media":"","overlay-type":"","overlay-color":"","overlay-gradient":""},"mobile":{"background-color":"var(--ast-global-color-5)","background-image":"","background-repeat":"repeat","background-position":"center center","background-size":"auto","background-attachment":"scroll","background-type":"","background-media":"","overlay-type":"","overlay-color":"","overlay-gradient":""}},"footnotes":""},"class_list":["post-46","page","type-page","status-publish","has-post-thumbnail","hentry"],"_links":{"self":[{"href":"https:\/\/creatorlovers.com\/blog\/es\/wp-json\/wp\/v2\/pages\/46","targetHints":{"allow":["GET"]}}],"collection":[{"href":"https:\/\/creatorlovers.com\/blog\/es\/wp-json\/wp\/v2\/pages"}],"about":[{"href":"https:\/\/creatorlovers.com\/blog\/es\/wp-json\/wp\/v2\/types\/page"}],"author":[{"embeddable":true,"href":"https:\/\/creatorlovers.com\/blog\/es\/wp-json\/wp\/v2\/users\/1"}],"replies":[{"embeddable":true,"href":"https:\/\/creatorlovers.com\/blog\/es\/wp-json\/wp\/v2\/comments?post=46"}],"version-history":[{"count":0,"href":"https:\/\/creatorlovers.com\/blog\/es\/wp-json\/wp\/v2\/pages\/46\/revisions"}],"wp:featuredmedia":[{"embeddable":true,"href":"https:\/\/creatorlovers.com\/blog\/es\/wp-json\/wp\/v2\/media\/1430"}],"wp:attachment":[{"href":"https:\/\/creatorlovers.com\/blog\/es\/wp-json\/wp\/v2\/media?parent=46"}],"curies":[{"name":"wp","href":"https:\/\/api.w.org\/{rel}","templated":true}]}}